{"id":660,"date":"2020-04-27T22:26:51","date_gmt":"2020-04-28T01:26:51","guid":{"rendered":"http:\/\/herpeto.org\/kids\/?page_id=660"},"modified":"2020-06-17T00:13:32","modified_gmt":"2020-06-17T03:13:32","slug":"herpetofauna","status":"publish","type":"page","link":"https:\/\/herpeto.org\/kids\/herpetofauna\/","title":{"rendered":"Herpetofauna"},"content":{"rendered":"\t\t<div data-elementor-type=\"wp-page\" data-elementor-id=\"660\" class=\"elementor elementor-660\">\n\t\t\t\t\t\t\t\t\t<section class=\"elementor-section elementor-top-section elementor-element elementor-element-752c7d8f elementor-section-full_width elementor-section-stretched elementor-section-height-default elementor-section-height-default\" data-id=\"752c7d8f\" data-element_type=\"section\" data-settings=\"{&quot;stretch_section&quot;:&quot;section-stretched&quot;}\">\n\t\t\t\t\t\t<div class=\"elementor-container elementor-column-gap-default\">\n\t\t\t\t\t<div class=\"elementor-column elementor-col-100 elementor-top-column elementor-element elementor-element-2def251b\" data-id=\"2def251b\" data-element_type=\"column\">\n\t\t\t<div class=\"elementor-widget-wrap elementor-element-populated\">\n\t\t\t\t\t\t\t\t<div class=\"elementor-element elementor-element-13b35ec4 elementor-widget elementor-widget-image\" data-id=\"13b35ec4\" data-element_type=\"widget\" data-widget_type=\"image.default\">\n\t\t\t\t<div class=\"elementor-widget-container\">\n\t\t\t\t\t\t\t\t\t\t\t\t\t\t\t\t<a href=\"http:\/\/herpeto.org\/kids\">\n\t\t\t\t\t\t\t<img loading=\"lazy\" decoding=\"async\" width=\"1400\" height=\"534\" src=\"https:\/\/herpeto.org\/kids\/wp-content\/uploads\/sites\/6\/2020\/05\/rodap\u00e9.jpg\" class=\"attachment-full size-full wp-image-966\" alt=\"\" srcset=\"https:\/\/herpeto.org\/kids\/wp-content\/uploads\/sites\/6\/2020\/05\/rodap\u00e9.jpg 1400w, https:\/\/herpeto.org\/kids\/wp-content\/uploads\/sites\/6\/2020\/05\/rodap\u00e9-300x114.jpg 300w, https:\/\/herpeto.org\/kids\/wp-content\/uploads\/sites\/6\/2020\/05\/rodap\u00e9-1024x391.jpg 1024w, https:\/\/herpeto.org\/kids\/wp-content\/uploads\/sites\/6\/2020\/05\/rodap\u00e9-768x293.jpg 768w\" sizes=\"(max-width: 1400px) 100vw, 1400px\" \/>\t\t\t\t\t\t\t\t<\/a>\n\t\t\t\t\t\t\t\t\t\t\t\t\t\t\t<\/div>\n\t\t\t\t<\/div>\n\t\t\t\t<div class=\"elementor-element elementor-element-43889f9 elementor-nav-menu__align-center elementor-nav-menu--dropdown-tablet elementor-nav-menu__text-align-aside elementor-nav-menu--toggle elementor-nav-menu--burger elementor-widget elementor-widget-nav-menu\" data-id=\"43889f9\" data-element_type=\"widget\" data-settings=\"{&quot;layout&quot;:&quot;horizontal&quot;,&quot;submenu_icon&quot;:{&quot;value&quot;:&quot;&lt;i class=\\&quot;fas fa-caret-down\\&quot;&gt;&lt;\\\/i&gt;&quot;,&quot;library&quot;:&quot;fa-solid&quot;},&quot;toggle&quot;:&quot;burger&quot;}\" data-widget_type=\"nav-menu.default\">\n\t\t\t\t<div class=\"elementor-widget-container\">\n\t\t\t\t\t\t<nav migration_allowed=\"1\" migrated=\"0\" role=\"navigation\" class=\"elementor-nav-menu--main elementor-nav-menu__container elementor-nav-menu--layout-horizontal e--pointer-underline e--animation-fade\">\n\t\t\t\t<ul id=\"menu-1-43889f9\" class=\"elementor-nav-menu\"><li class=\"menu-item menu-item-type-post_type menu-item-object-page menu-item-home menu-item-653\"><a href=\"https:\/\/herpeto.org\/kids\/\" class=\"elementor-item\">In\u00edcio<\/a><\/li>\n<li class=\"menu-item menu-item-type-post_type menu-item-object-page menu-item-719\"><a href=\"https:\/\/herpeto.org\/kids\/herpetofauna\/\" class=\"elementor-item\">Curiosidades<\/a><\/li>\n<li class=\"menu-item menu-item-type-post_type menu-item-object-page menu-item-217\"><a href=\"https:\/\/herpeto.org\/kids\/fato-ou-fake\/\" class=\"elementor-item\">Fato ou Fake<\/a><\/li>\n<li class=\"menu-item menu-item-type-post_type menu-item-object-page menu-item-218\"><a href=\"https:\/\/herpeto.org\/kids\/jogos-e-brincadeiras\/\" class=\"elementor-item\">Jogos e Brincadeiras<\/a><\/li>\n<li class=\"menu-item menu-item-type-post_type menu-item-object-page menu-item-654\"><a href=\"https:\/\/herpeto.org\/kids\/tarefa-de-casa\/\" class=\"elementor-item\">Para Casa<\/a><\/li>\n<li class=\"menu-item menu-item-type-post_type menu-item-object-page menu-item-222\"><a href=\"https:\/\/herpeto.org\/kids\/a-equipe-do-projeto\/\" class=\"elementor-item\">Nosso Time<\/a><\/li>\n<\/ul>\t\t\t<\/nav>\n\t\t\t\t\t<div class=\"elementor-menu-toggle\" role=\"button\" tabindex=\"0\" aria-label=\"Alternar menu\" aria-expanded=\"false\">\n\t\t\t<i aria-hidden=\"true\" role=\"presentation\" class=\"elementor-menu-toggle__icon--open eicon-menu-bar\"><\/i><i aria-hidden=\"true\" role=\"presentation\" class=\"elementor-menu-toggle__icon--close eicon-close\"><\/i>\t\t\t<span class=\"elementor-screen-only\">Menu<\/span>\n\t\t<\/div>\n\t\t\t<nav class=\"elementor-nav-menu--dropdown elementor-nav-menu__container\" role=\"navigation\" aria-hidden=\"true\">\n\t\t\t\t<ul id=\"menu-2-43889f9\" class=\"elementor-nav-menu\"><li class=\"menu-item menu-item-type-post_type menu-item-object-page menu-item-home menu-item-653\"><a href=\"https:\/\/herpeto.org\/kids\/\" class=\"elementor-item\" tabindex=\"-1\">In\u00edcio<\/a><\/li>\n<li class=\"menu-item menu-item-type-post_type menu-item-object-page menu-item-719\"><a href=\"https:\/\/herpeto.org\/kids\/herpetofauna\/\" class=\"elementor-item\" tabindex=\"-1\">Curiosidades<\/a><\/li>\n<li class=\"menu-item menu-item-type-post_type menu-item-object-page menu-item-217\"><a href=\"https:\/\/herpeto.org\/kids\/fato-ou-fake\/\" class=\"elementor-item\" tabindex=\"-1\">Fato ou Fake<\/a><\/li>\n<li class=\"menu-item menu-item-type-post_type menu-item-object-page menu-item-218\"><a href=\"https:\/\/herpeto.org\/kids\/jogos-e-brincadeiras\/\" class=\"elementor-item\" tabindex=\"-1\">Jogos e Brincadeiras<\/a><\/li>\n<li class=\"menu-item menu-item-type-post_type menu-item-object-page menu-item-654\"><a href=\"https:\/\/herpeto.org\/kids\/tarefa-de-casa\/\" class=\"elementor-item\" tabindex=\"-1\">Para Casa<\/a><\/li>\n<li class=\"menu-item menu-item-type-post_type menu-item-object-page menu-item-222\"><a href=\"https:\/\/herpeto.org\/kids\/a-equipe-do-projeto\/\" class=\"elementor-item\" tabindex=\"-1\">Nosso Time<\/a><\/li>\n<\/ul>\t\t\t<\/nav>\n\t\t\t\t<\/div>\n\t\t\t\t<\/div>\n\t\t\t\t\t<\/div>\n\t\t<\/div>\n\t\t\t\t\t\t\t<\/div>\n\t\t<\/section>\n\t\t\t\t<section class=\"elementor-section elementor-top-section elementor-element elementor-element-08baa50 elementor-section-boxed elementor-section-height-default elementor-section-height-default\" data-id=\"08baa50\" data-element_type=\"section\">\n\t\t\t\t\t\t<div class=\"elementor-container elementor-column-gap-default\">\n\t\t\t\t\t<div class=\"elementor-column elementor-col-100 elementor-top-column elementor-element elementor-element-de18ada\" data-id=\"de18ada\" data-element_type=\"column\">\n\t\t\t<div class=\"elementor-widget-wrap elementor-element-populated\">\n\t\t\t\t\t\t\t\t<div class=\"elementor-element elementor-element-82e4bea elementor-posts--align-center elementor-grid-3 elementor-grid-tablet-2 elementor-grid-mobile-1 elementor-posts--thumbnail-top elementor-posts--show-avatar elementor-card-shadow-yes elementor-posts__hover-gradient elementor-widget elementor-widget-posts\" data-id=\"82e4bea\" data-element_type=\"widget\" data-settings=\"{&quot;cards_row_gap&quot;:{&quot;unit&quot;:&quot;px&quot;,&quot;size&quot;:20,&quot;sizes&quot;:[]},&quot;pagination_type&quot;:&quot;prev_next&quot;,&quot;cards_columns&quot;:&quot;3&quot;,&quot;cards_columns_tablet&quot;:&quot;2&quot;,&quot;cards_columns_mobile&quot;:&quot;1&quot;,&quot;cards_row_gap_tablet&quot;:{&quot;unit&quot;:&quot;px&quot;,&quot;size&quot;:&quot;&quot;,&quot;sizes&quot;:[]},&quot;cards_row_gap_mobile&quot;:{&quot;unit&quot;:&quot;px&quot;,&quot;size&quot;:&quot;&quot;,&quot;sizes&quot;:[]}}\" data-widget_type=\"posts.cards\">\n\t\t\t\t<div class=\"elementor-widget-container\">\n\t\t\t\t\t<div class=\"elementor-posts-container elementor-posts elementor-posts--skin-cards elementor-grid\">\n\t\t\t\t<article class=\"elementor-post elementor-grid-item post-1135 mundo_herpeto type-mundo_herpeto status-publish has-post-thumbnail hentry\">\n\t\t\t<div class=\"elementor-post__card\">\n\t\t\t\t<a class=\"elementor-post__thumbnail__link\" href=\"https:\/\/herpeto.org\/kids\/mundo_herpeto\/por-que-as-pererecas-gostam-do-banheiro\/\" target=\"_blank\"><div class=\"elementor-post__thumbnail\"><img loading=\"lazy\" decoding=\"async\" width=\"846\" height=\"564\" src=\"https:\/\/herpeto.org\/kids\/wp-content\/uploads\/sites\/6\/2020\/05\/perereca-de-banheiro.jpg\" class=\"attachment-large size-large wp-image-836\" alt=\"\" srcset=\"https:\/\/herpeto.org\/kids\/wp-content\/uploads\/sites\/6\/2020\/05\/perereca-de-banheiro.jpg 846w, https:\/\/herpeto.org\/kids\/wp-content\/uploads\/sites\/6\/2020\/05\/perereca-de-banheiro-300x200.jpg 300w, https:\/\/herpeto.org\/kids\/wp-content\/uploads\/sites\/6\/2020\/05\/perereca-de-banheiro-768x512.jpg 768w\" sizes=\"(max-width: 846px) 100vw, 846px\" \/><\/div><\/a>\n\t\t\t\t<div class=\"elementor-post__avatar\">\n\t\t\t<img alt='' src='https:\/\/secure.gravatar.com\/avatar\/?s=128&#038;d=monsterid&#038;r=g' srcset='https:\/\/secure.gravatar.com\/avatar\/?s=256&#038;d=monsterid&#038;r=g 2x' class='avatar avatar-128 photo avatar-default' height='128' width='128' \/>\t\t<\/div>\n\t\t\t\t<div class=\"elementor-post__text\">\n\t\t\t\t<h3 class=\"elementor-post__title\">\n\t\t\t<a href=\"https:\/\/herpeto.org\/kids\/mundo_herpeto\/por-que-as-pererecas-gostam-do-banheiro\/\" target=&quot;_blank&quot;>\n\t\t\t\tPor que as pererecas gostam do banheiro?\t\t\t<\/a>\n\t\t<\/h3>\n\t\t\t\t<div class=\"elementor-post__excerpt\">\n\t\t\t\t\t<\/div>\n\t\t\t\t<\/div>\n\t\t\t\t\t<\/div>\n\t\t<\/article>\n\t\t\t\t<article class=\"elementor-post elementor-grid-item post-1134 mundo_herpeto type-mundo_herpeto status-publish has-post-thumbnail hentry\">\n\t\t\t<div class=\"elementor-post__card\">\n\t\t\t\t<a class=\"elementor-post__thumbnail__link\" href=\"https:\/\/herpeto.org\/kids\/mundo_herpeto\/cobra-e-serpente-existe-diferenca\/\" target=\"_blank\"><div class=\"elementor-post__thumbnail\"><img loading=\"lazy\" decoding=\"async\" width=\"846\" height=\"564\" src=\"https:\/\/herpeto.org\/kids\/wp-content\/uploads\/sites\/6\/2020\/05\/cobra-ou-serpente.jpg\" class=\"attachment-large size-large wp-image-841\" alt=\"\" srcset=\"https:\/\/herpeto.org\/kids\/wp-content\/uploads\/sites\/6\/2020\/05\/cobra-ou-serpente.jpg 846w, https:\/\/herpeto.org\/kids\/wp-content\/uploads\/sites\/6\/2020\/05\/cobra-ou-serpente-300x200.jpg 300w, https:\/\/herpeto.org\/kids\/wp-content\/uploads\/sites\/6\/2020\/05\/cobra-ou-serpente-768x512.jpg 768w\" sizes=\"(max-width: 846px) 100vw, 846px\" \/><\/div><\/a>\n\t\t\t\t<div class=\"elementor-post__avatar\">\n\t\t\t<img alt='' src='https:\/\/secure.gravatar.com\/avatar\/?s=128&#038;d=monsterid&#038;r=g' srcset='https:\/\/secure.gravatar.com\/avatar\/?s=256&#038;d=monsterid&#038;r=g 2x' class='avatar avatar-128 photo avatar-default' height='128' width='128' \/>\t\t<\/div>\n\t\t\t\t<div class=\"elementor-post__text\">\n\t\t\t\t<h3 class=\"elementor-post__title\">\n\t\t\t<a href=\"https:\/\/herpeto.org\/kids\/mundo_herpeto\/cobra-e-serpente-existe-diferenca\/\" target=&quot;_blank&quot;>\n\t\t\t\tCobra e serpente. Existe diferen\u00e7a?\t\t\t<\/a>\n\t\t<\/h3>\n\t\t\t\t<div class=\"elementor-post__excerpt\">\n\t\t\t\t\t<\/div>\n\t\t\t\t<\/div>\n\t\t\t\t\t<\/div>\n\t\t<\/article>\n\t\t\t\t<article class=\"elementor-post elementor-grid-item post-1132 mundo_herpeto type-mundo_herpeto status-publish has-post-thumbnail hentry\">\n\t\t\t<div class=\"elementor-post__card\">\n\t\t\t\t<a class=\"elementor-post__thumbnail__link\" href=\"https:\/\/herpeto.org\/kids\/mundo_herpeto\/por-que-as-cobras-mostram-a-lingua\/\" target=\"_blank\"><div class=\"elementor-post__thumbnail\"><img loading=\"lazy\" decoding=\"async\" width=\"846\" height=\"564\" src=\"https:\/\/herpeto.org\/kids\/wp-content\/uploads\/sites\/6\/2020\/05\/lingua-b\u00edfida-serpente.jpg\" class=\"attachment-large size-large wp-image-842\" alt=\"\" srcset=\"https:\/\/herpeto.org\/kids\/wp-content\/uploads\/sites\/6\/2020\/05\/lingua-b\u00edfida-serpente.jpg 846w, https:\/\/herpeto.org\/kids\/wp-content\/uploads\/sites\/6\/2020\/05\/lingua-b\u00edfida-serpente-300x200.jpg 300w, https:\/\/herpeto.org\/kids\/wp-content\/uploads\/sites\/6\/2020\/05\/lingua-b\u00edfida-serpente-768x512.jpg 768w\" sizes=\"(max-width: 846px) 100vw, 846px\" \/><\/div><\/a>\n\t\t\t\t<div class=\"elementor-post__avatar\">\n\t\t\t<img alt='' src='https:\/\/secure.gravatar.com\/avatar\/?s=128&#038;d=monsterid&#038;r=g' srcset='https:\/\/secure.gravatar.com\/avatar\/?s=256&#038;d=monsterid&#038;r=g 2x' class='avatar avatar-128 photo avatar-default' height='128' width='128' \/>\t\t<\/div>\n\t\t\t\t<div class=\"elementor-post__text\">\n\t\t\t\t<h3 class=\"elementor-post__title\">\n\t\t\t<a href=\"https:\/\/herpeto.org\/kids\/mundo_herpeto\/por-que-as-cobras-mostram-a-lingua\/\" target=&quot;_blank&quot;>\n\t\t\t\tPor que as cobras mostram a l\u00edngua?\t\t\t<\/a>\n\t\t<\/h3>\n\t\t\t\t<div class=\"elementor-post__excerpt\">\n\t\t\t\t\t<\/div>\n\t\t\t\t<\/div>\n\t\t\t\t\t<\/div>\n\t\t<\/article>\n\t\t\t\t<article class=\"elementor-post elementor-grid-item post-1118 mundo_herpeto type-mundo_herpeto status-publish has-post-thumbnail hentry\">\n\t\t\t<div class=\"elementor-post__card\">\n\t\t\t\t<a class=\"elementor-post__thumbnail__link\" href=\"https:\/\/herpeto.org\/kids\/mundo_herpeto\/10-curiosidades-sobre-os-anfibios-que-voce-provavelmente-nao-sabia\/\" target=\"_blank\"><div class=\"elementor-post__thumbnail\"><img loading=\"lazy\" decoding=\"async\" width=\"846\" height=\"564\" src=\"https:\/\/herpeto.org\/kids\/wp-content\/uploads\/sites\/6\/2020\/05\/sapo-vocalizando.jpg\" class=\"attachment-large size-large wp-image-838\" alt=\"\" srcset=\"https:\/\/herpeto.org\/kids\/wp-content\/uploads\/sites\/6\/2020\/05\/sapo-vocalizando.jpg 846w, https:\/\/herpeto.org\/kids\/wp-content\/uploads\/sites\/6\/2020\/05\/sapo-vocalizando-300x200.jpg 300w, https:\/\/herpeto.org\/kids\/wp-content\/uploads\/sites\/6\/2020\/05\/sapo-vocalizando-768x512.jpg 768w\" sizes=\"(max-width: 846px) 100vw, 846px\" \/><\/div><\/a>\n\t\t\t\t<div class=\"elementor-post__avatar\">\n\t\t\t<img alt='' src='https:\/\/secure.gravatar.com\/avatar\/?s=128&#038;d=monsterid&#038;r=g' srcset='https:\/\/secure.gravatar.com\/avatar\/?s=256&#038;d=monsterid&#038;r=g 2x' class='avatar avatar-128 photo avatar-default' height='128' width='128' \/>\t\t<\/div>\n\t\t\t\t<div class=\"elementor-post__text\">\n\t\t\t\t<h3 class=\"elementor-post__title\">\n\t\t\t<a href=\"https:\/\/herpeto.org\/kids\/mundo_herpeto\/10-curiosidades-sobre-os-anfibios-que-voce-provavelmente-nao-sabia\/\" target=&quot;_blank&quot;>\n\t\t\t\t10 Curiosidades sobre os anf\u00edbios que voc\u00ea provavelmente n\u00e3o sabia\t\t\t<\/a>\n\t\t<\/h3>\n\t\t\t\t<div class=\"elementor-post__excerpt\">\n\t\t\t\t\t<\/div>\n\t\t\t\t<\/div>\n\t\t\t\t\t<\/div>\n\t\t<\/article>\n\t\t\t\t<article class=\"elementor-post elementor-grid-item post-1122 mundo_herpeto type-mundo_herpeto status-publish has-post-thumbnail hentry\">\n\t\t\t<div class=\"elementor-post__card\">\n\t\t\t\t<a class=\"elementor-post__thumbnail__link\" href=\"https:\/\/herpeto.org\/kids\/mundo_herpeto\/o-que-e-herpetologia-o-que-um-herpetologo-faz\/\" target=\"_blank\"><div class=\"elementor-post__thumbnail\"><img loading=\"lazy\" decoding=\"async\" width=\"846\" height=\"564\" src=\"https:\/\/herpeto.org\/kids\/wp-content\/uploads\/sites\/6\/2020\/05\/herpet\u00f3logo.jpg\" class=\"attachment-large size-large wp-image-833\" alt=\"\" srcset=\"https:\/\/herpeto.org\/kids\/wp-content\/uploads\/sites\/6\/2020\/05\/herpet\u00f3logo.jpg 846w, https:\/\/herpeto.org\/kids\/wp-content\/uploads\/sites\/6\/2020\/05\/herpet\u00f3logo-300x200.jpg 300w, https:\/\/herpeto.org\/kids\/wp-content\/uploads\/sites\/6\/2020\/05\/herpet\u00f3logo-768x512.jpg 768w\" sizes=\"(max-width: 846px) 100vw, 846px\" \/><\/div><\/a>\n\t\t\t\t<div class=\"elementor-post__avatar\">\n\t\t\t<img alt='' src='https:\/\/secure.gravatar.com\/avatar\/?s=128&#038;d=monsterid&#038;r=g' srcset='https:\/\/secure.gravatar.com\/avatar\/?s=256&#038;d=monsterid&#038;r=g 2x' class='avatar avatar-128 photo avatar-default' height='128' width='128' \/>\t\t<\/div>\n\t\t\t\t<div class=\"elementor-post__text\">\n\t\t\t\t<h3 class=\"elementor-post__title\">\n\t\t\t<a href=\"https:\/\/herpeto.org\/kids\/mundo_herpeto\/o-que-e-herpetologia-o-que-um-herpetologo-faz\/\" target=&quot;_blank&quot;>\n\t\t\t\tO que \u00e9 herpetologia? O que um herpet\u00f3logo faz?\t\t\t<\/a>\n\t\t<\/h3>\n\t\t\t\t<div class=\"elementor-post__excerpt\">\n\t\t\t\t\t<\/div>\n\t\t\t\t<\/div>\n\t\t\t\t\t<\/div>\n\t\t<\/article>\n\t\t\t\t<article class=\"elementor-post elementor-grid-item post-1121 mundo_herpeto type-mundo_herpeto status-publish has-post-thumbnail hentry\">\n\t\t\t<div class=\"elementor-post__card\">\n\t\t\t\t<a class=\"elementor-post__thumbnail__link\" href=\"https:\/\/herpeto.org\/kids\/mundo_herpeto\/tudo-que-voce-precisa-saber-sobre-a-ra-manteiga\/\" target=\"_blank\"><div class=\"elementor-post__thumbnail\"><img loading=\"lazy\" decoding=\"async\" width=\"846\" height=\"564\" src=\"https:\/\/herpeto.org\/kids\/wp-content\/uploads\/sites\/6\/2020\/05\/r\u00e3-manteiga.jpg\" class=\"attachment-large size-large wp-image-837\" alt=\"\" srcset=\"https:\/\/herpeto.org\/kids\/wp-content\/uploads\/sites\/6\/2020\/05\/r\u00e3-manteiga.jpg 846w, https:\/\/herpeto.org\/kids\/wp-content\/uploads\/sites\/6\/2020\/05\/r\u00e3-manteiga-300x200.jpg 300w, https:\/\/herpeto.org\/kids\/wp-content\/uploads\/sites\/6\/2020\/05\/r\u00e3-manteiga-768x512.jpg 768w\" sizes=\"(max-width: 846px) 100vw, 846px\" \/><\/div><\/a>\n\t\t\t\t<div class=\"elementor-post__avatar\">\n\t\t\t<img alt='' src='https:\/\/secure.gravatar.com\/avatar\/?s=128&#038;d=monsterid&#038;r=g' srcset='https:\/\/secure.gravatar.com\/avatar\/?s=256&#038;d=monsterid&#038;r=g 2x' class='avatar avatar-128 photo avatar-default' height='128' width='128' \/>\t\t<\/div>\n\t\t\t\t<div class=\"elementor-post__text\">\n\t\t\t\t<h3 class=\"elementor-post__title\">\n\t\t\t<a href=\"https:\/\/herpeto.org\/kids\/mundo_herpeto\/tudo-que-voce-precisa-saber-sobre-a-ra-manteiga\/\" target=&quot;_blank&quot;>\n\t\t\t\tTudo que voc\u00ea precisa saber sobre a r\u00e3-manteiga\t\t\t<\/a>\n\t\t<\/h3>\n\t\t\t\t<div class=\"elementor-post__excerpt\">\n\t\t\t\t\t<\/div>\n\t\t\t\t<\/div>\n\t\t\t\t\t<\/div>\n\t\t<\/article>\n\t\t\t\t<\/div>\n\n\n\t\t\n\t\t\t\t<div class=\"e-load-more-anchor\" data-page=\"1\" data-max-page=\"2\" data-next-page=\"https:\/\/herpeto.org\/kids\/wp-json\/wp\/v2\/pages\/660\/page\/2\/\"><\/div>\n\t\t\t\t<nav class=\"elementor-pagination\" role=\"navigation\" aria-label=\"Pagina\u00e7\u00e3o\">\n\t\t\t<span class=\"page-numbers prev\">&laquo; Anterior<\/span>\n<a class=\"page-numbers next\" href=\"https:\/\/herpeto.org\/kids\/wp-json\/wp\/v2\/pages\/660\/page\/2\/\">Pr\u00f3xima &raquo;<\/a>\t\t<\/nav>\n\t\t\t\t<\/div>\n\t\t\t\t<\/div>\n\t\t\t\t\t<\/div>\n\t\t<\/div>\n\t\t\t\t\t\t\t<\/div>\n\t\t<\/section>\n\t\t\t\t\t\t\t<\/div>\n\t\t","protected":false},"excerpt":{"rendered":"","protected":false},"author":1,"featured_media":0,"parent":0,"menu_order":0,"comment_status":"closed","ping_status":"closed","template":"elementor_canvas","meta":{"_acf_changed":false,"footnotes":""},"acf":[],"_links":{"self":[{"href":"https:\/\/herpeto.org\/kids\/wp-json\/wp\/v2\/pages\/660"}],"collection":[{"href":"https:\/\/herpeto.org\/kids\/wp-json\/wp\/v2\/pages"}],"about":[{"href":"https:\/\/herpeto.org\/kids\/wp-json\/wp\/v2\/types\/page"}],"author":[{"embeddable":true,"href":"https:\/\/herpeto.org\/kids\/wp-json\/wp\/v2\/users\/1"}],"replies":[{"embeddable":true,"href":"https:\/\/herpeto.org\/kids\/wp-json\/wp\/v2\/comments?post=660"}],"version-history":[{"count":30,"href":"https:\/\/herpeto.org\/kids\/wp-json\/wp\/v2\/pages\/660\/revisions"}],"predecessor-version":[{"id":1144,"href":"https:\/\/herpeto.org\/kids\/wp-json\/wp\/v2\/pages\/660\/revisions\/1144"}],"wp:attachment":[{"href":"https:\/\/herpeto.org\/kids\/wp-json\/wp\/v2\/media?parent=660"}],"curies":[{"name":"wp","href":"https:\/\/api.w.org\/{rel}","templated":true}]}}