{"id":114,"date":"2019-12-14T14:54:41","date_gmt":"2019-12-14T16:54:41","guid":{"rendered":"http:\/\/herpeto.org\/kids\/?page_id=114"},"modified":"2021-04-05T21:36:47","modified_gmt":"2021-04-06T00:36:47","slug":"a-equipe-do-projeto","status":"publish","type":"page","link":"https:\/\/herpeto.org\/kids\/a-equipe-do-projeto\/","title":{"rendered":"A equipe do Projeto"},"content":{"rendered":"\t\t<div data-elementor-type=\"wp-page\" data-elementor-id=\"114\" class=\"elementor elementor-114\">\n\t\t\t\t\t\t\t\t\t<section class=\"elementor-section elementor-top-section elementor-element elementor-element-9e3cc89 elementor-section-full_width elementor-section-stretched elementor-section-height-default elementor-section-height-default\" data-id=\"9e3cc89\" data-element_type=\"section\" data-settings=\"{&quot;stretch_section&quot;:&quot;section-stretched&quot;}\">\n\t\t\t\t\t\t<div class=\"elementor-container elementor-column-gap-default\">\n\t\t\t\t\t<div class=\"elementor-column elementor-col-100 elementor-top-column elementor-element elementor-element-78e6fbda\" data-id=\"78e6fbda\" data-element_type=\"column\">\n\t\t\t<div class=\"elementor-widget-wrap elementor-element-populated\">\n\t\t\t\t\t\t\t\t<div class=\"elementor-element elementor-element-1025d975 elementor-widget elementor-widget-image\" data-id=\"1025d975\" data-element_type=\"widget\" data-widget_type=\"image.default\">\n\t\t\t\t<div class=\"elementor-widget-container\">\n\t\t\t\t\t\t\t\t\t\t\t\t\t\t\t\t<a href=\"http:\/\/herpeto.org\/kids\">\n\t\t\t\t\t\t\t<img loading=\"lazy\" decoding=\"async\" width=\"1400\" height=\"534\" src=\"https:\/\/herpeto.org\/kids\/wp-content\/uploads\/sites\/6\/2020\/05\/rodap\u00e9.jpg\" class=\"attachment-full size-full wp-image-966\" alt=\"\" srcset=\"https:\/\/herpeto.org\/kids\/wp-content\/uploads\/sites\/6\/2020\/05\/rodap\u00e9.jpg 1400w, https:\/\/herpeto.org\/kids\/wp-content\/uploads\/sites\/6\/2020\/05\/rodap\u00e9-300x114.jpg 300w, https:\/\/herpeto.org\/kids\/wp-content\/uploads\/sites\/6\/2020\/05\/rodap\u00e9-1024x391.jpg 1024w, https:\/\/herpeto.org\/kids\/wp-content\/uploads\/sites\/6\/2020\/05\/rodap\u00e9-768x293.jpg 768w\" sizes=\"(max-width: 1400px) 100vw, 1400px\" \/>\t\t\t\t\t\t\t\t<\/a>\n\t\t\t\t\t\t\t\t\t\t\t\t\t\t\t<\/div>\n\t\t\t\t<\/div>\n\t\t\t\t<div class=\"elementor-element elementor-element-39eaecae elementor-nav-menu__align-center elementor-nav-menu--dropdown-tablet elementor-nav-menu__text-align-aside elementor-nav-menu--toggle elementor-nav-menu--burger elementor-widget elementor-widget-nav-menu\" data-id=\"39eaecae\" data-element_type=\"widget\" data-settings=\"{&quot;layout&quot;:&quot;horizontal&quot;,&quot;submenu_icon&quot;:{&quot;value&quot;:&quot;&lt;i class=\\&quot;fas fa-caret-down\\&quot;&gt;&lt;\\\/i&gt;&quot;,&quot;library&quot;:&quot;fa-solid&quot;},&quot;toggle&quot;:&quot;burger&quot;}\" data-widget_type=\"nav-menu.default\">\n\t\t\t\t<div class=\"elementor-widget-container\">\n\t\t\t\t\t\t<nav migration_allowed=\"1\" migrated=\"0\" role=\"navigation\" class=\"elementor-nav-menu--main elementor-nav-menu__container elementor-nav-menu--layout-horizontal e--pointer-underline e--animation-fade\">\n\t\t\t\t<ul id=\"menu-1-39eaecae\" class=\"elementor-nav-menu\"><li class=\"menu-item menu-item-type-post_type menu-item-object-page menu-item-home menu-item-653\"><a href=\"https:\/\/herpeto.org\/kids\/\" class=\"elementor-item\">In\u00edcio<\/a><\/li>\n<li class=\"menu-item menu-item-type-post_type menu-item-object-page menu-item-719\"><a href=\"https:\/\/herpeto.org\/kids\/herpetofauna\/\" class=\"elementor-item\">Curiosidades<\/a><\/li>\n<li class=\"menu-item menu-item-type-post_type menu-item-object-page menu-item-217\"><a href=\"https:\/\/herpeto.org\/kids\/fato-ou-fake\/\" class=\"elementor-item\">Fato ou Fake<\/a><\/li>\n<li class=\"menu-item menu-item-type-post_type menu-item-object-page menu-item-218\"><a href=\"https:\/\/herpeto.org\/kids\/jogos-e-brincadeiras\/\" class=\"elementor-item\">Jogos e Brincadeiras<\/a><\/li>\n<li class=\"menu-item menu-item-type-post_type menu-item-object-page menu-item-654\"><a href=\"https:\/\/herpeto.org\/kids\/tarefa-de-casa\/\" class=\"elementor-item\">Para Casa<\/a><\/li>\n<li class=\"menu-item menu-item-type-post_type menu-item-object-page menu-item-222\"><a href=\"https:\/\/herpeto.org\/kids\/a-equipe-do-projeto\/\" class=\"elementor-item\">Nosso Time<\/a><\/li>\n<\/ul>\t\t\t<\/nav>\n\t\t\t\t\t<div class=\"elementor-menu-toggle\" role=\"button\" tabindex=\"0\" aria-label=\"Alternar menu\" aria-expanded=\"false\">\n\t\t\t<i aria-hidden=\"true\" role=\"presentation\" class=\"elementor-menu-toggle__icon--open eicon-menu-bar\"><\/i><i aria-hidden=\"true\" role=\"presentation\" class=\"elementor-menu-toggle__icon--close eicon-close\"><\/i>\t\t\t<span class=\"elementor-screen-only\">Menu<\/span>\n\t\t<\/div>\n\t\t\t<nav class=\"elementor-nav-menu--dropdown elementor-nav-menu__container\" role=\"navigation\" aria-hidden=\"true\">\n\t\t\t\t<ul id=\"menu-2-39eaecae\" class=\"elementor-nav-menu\"><li class=\"menu-item menu-item-type-post_type menu-item-object-page menu-item-home menu-item-653\"><a href=\"https:\/\/herpeto.org\/kids\/\" class=\"elementor-item\" tabindex=\"-1\">In\u00edcio<\/a><\/li>\n<li class=\"menu-item menu-item-type-post_type menu-item-object-page menu-item-719\"><a href=\"https:\/\/herpeto.org\/kids\/herpetofauna\/\" class=\"elementor-item\" tabindex=\"-1\">Curiosidades<\/a><\/li>\n<li class=\"menu-item menu-item-type-post_type menu-item-object-page menu-item-217\"><a href=\"https:\/\/herpeto.org\/kids\/fato-ou-fake\/\" class=\"elementor-item\" tabindex=\"-1\">Fato ou Fake<\/a><\/li>\n<li class=\"menu-item menu-item-type-post_type menu-item-object-page menu-item-218\"><a href=\"https:\/\/herpeto.org\/kids\/jogos-e-brincadeiras\/\" class=\"elementor-item\" tabindex=\"-1\">Jogos e Brincadeiras<\/a><\/li>\n<li class=\"menu-item menu-item-type-post_type menu-item-object-page menu-item-654\"><a href=\"https:\/\/herpeto.org\/kids\/tarefa-de-casa\/\" class=\"elementor-item\" tabindex=\"-1\">Para Casa<\/a><\/li>\n<li class=\"menu-item menu-item-type-post_type menu-item-object-page menu-item-222\"><a href=\"https:\/\/herpeto.org\/kids\/a-equipe-do-projeto\/\" class=\"elementor-item\" tabindex=\"-1\">Nosso Time<\/a><\/li>\n<\/ul>\t\t\t<\/nav>\n\t\t\t\t<\/div>\n\t\t\t\t<\/div>\n\t\t\t\t\t<\/div>\n\t\t<\/div>\n\t\t\t\t\t\t\t<\/div>\n\t\t<\/section>\n\t\t\t\t<section class=\"elementor-section elementor-top-section elementor-element elementor-element-80a7b0f elementor-section-boxed elementor-section-height-default elementor-section-height-default\" data-id=\"80a7b0f\" data-element_type=\"section\" data-settings=\"{&quot;background_background&quot;:&quot;classic&quot;}\">\n\t\t\t\t\t\t<div class=\"elementor-container elementor-column-gap-default\">\n\t\t\t\t\t<div class=\"elementor-column elementor-col-25 elementor-top-column elementor-element elementor-element-524c63c\" data-id=\"524c63c\" data-element_type=\"column\">\n\t\t\t<div class=\"elementor-widget-wrap\">\n\t\t\t\t\t\t\t\t\t<\/div>\n\t\t<\/div>\n\t\t\t\t<div class=\"elementor-column elementor-col-25 elementor-top-column elementor-element elementor-element-823548a\" data-id=\"823548a\" data-element_type=\"column\">\n\t\t\t<div class=\"elementor-widget-wrap elementor-element-populated\">\n\t\t\t\t\t\t\t\t<div class=\"elementor-element elementor-element-ddf7b10 elementor-widget elementor-widget-image\" data-id=\"ddf7b10\" data-element_type=\"widget\" data-widget_type=\"image.default\">\n\t\t\t\t<div class=\"elementor-widget-container\">\n\t\t\t\t\t\t\t\t\t\t\t\t\t\t\t<img loading=\"lazy\" decoding=\"async\" width=\"1024\" height=\"683\" src=\"https:\/\/herpeto.org\/kids\/wp-content\/uploads\/sites\/6\/2020\/05\/Mulheres-na-herpetologia-1024x683.jpg\" class=\"attachment-large size-large wp-image-1086\" alt=\"mulheres na ciencia\" srcset=\"https:\/\/herpeto.org\/kids\/wp-content\/uploads\/sites\/6\/2020\/05\/Mulheres-na-herpetologia-1024x683.jpg 1024w, https:\/\/herpeto.org\/kids\/wp-content\/uploads\/sites\/6\/2020\/05\/Mulheres-na-herpetologia-300x200.jpg 300w, https:\/\/herpeto.org\/kids\/wp-content\/uploads\/sites\/6\/2020\/05\/Mulheres-na-herpetologia-768x512.jpg 768w, https:\/\/herpeto.org\/kids\/wp-content\/uploads\/sites\/6\/2020\/05\/Mulheres-na-herpetologia-1536x1024.jpg 1536w, https:\/\/herpeto.org\/kids\/wp-content\/uploads\/sites\/6\/2020\/05\/Mulheres-na-herpetologia-2048x1365.jpg 2048w, https:\/\/herpeto.org\/kids\/wp-content\/uploads\/sites\/6\/2020\/05\/Mulheres-na-herpetologia-1568x1045.jpg 1568w\" sizes=\"(max-width: 1024px) 100vw, 1024px\" \/>\t\t\t\t\t\t\t\t\t\t\t\t\t\t\t<\/div>\n\t\t\t\t<\/div>\n\t\t\t\t\t<\/div>\n\t\t<\/div>\n\t\t\t\t<div class=\"elementor-column elementor-col-25 elementor-top-column elementor-element elementor-element-728e575\" data-id=\"728e575\" data-element_type=\"column\">\n\t\t\t<div class=\"elementor-widget-wrap elementor-element-populated\">\n\t\t\t\t\t\t\t\t<div class=\"elementor-element elementor-element-f8a9751 elementor-widget elementor-widget-text-editor\" data-id=\"f8a9751\" data-element_type=\"widget\" data-widget_type=\"text-editor.default\">\n\t\t\t\t<div class=\"elementor-widget-container\">\n\t\t\t\t\t\t\t<p><span>Oi, eu sou a<strong>&nbsp;B\u00e1rbara<\/strong>! A natureza sempre foi t\u00e3o fascinante para mim, que escolhi a <strong>biologia<\/strong> como profiss\u00e3o. Trabalho com a<\/span><span>nf\u00edbios e r\u00e9pteis, e<\/span><span>&nbsp;esses seres s\u00e3o t\u00e3o incr\u00edveis que e<\/span><span>u e toda a equipe<\/span><span>&nbsp;do&nbsp;<\/span><strong>Herpetinho&nbsp;<\/strong><span>constru\u00edmos esse site com muito amor, para que voc\u00eas possam conhecer de pertinho e se apaixonar, assim como n\u00f3s, pelo incr\u00edvel mundo da Herpetofauna! (@barbara__vitorino)<\/span><\/p>\t\t\t\t\t\t<\/div>\n\t\t\t\t<\/div>\n\t\t\t\t\t<\/div>\n\t\t<\/div>\n\t\t\t\t<div class=\"elementor-column elementor-col-25 elementor-top-column elementor-element elementor-element-5c395b1\" data-id=\"5c395b1\" data-element_type=\"column\">\n\t\t\t<div class=\"elementor-widget-wrap\">\n\t\t\t\t\t\t\t\t\t<\/div>\n\t\t<\/div>\n\t\t\t\t\t\t\t<\/div>\n\t\t<\/section>\n\t\t\t\t<section class=\"elementor-section elementor-top-section elementor-element elementor-element-2ec217a elementor-section-boxed elementor-section-height-default elementor-section-height-default\" data-id=\"2ec217a\" data-element_type=\"section\">\n\t\t\t\t\t\t<div class=\"elementor-container elementor-column-gap-default\">\n\t\t\t\t\t<div class=\"elementor-column elementor-col-25 elementor-top-column elementor-element elementor-element-6f48414\" data-id=\"6f48414\" data-element_type=\"column\">\n\t\t\t<div class=\"elementor-widget-wrap\">\n\t\t\t\t\t\t\t\t\t<\/div>\n\t\t<\/div>\n\t\t\t\t<div class=\"elementor-column elementor-col-25 elementor-top-column elementor-element elementor-element-76b55a6\" data-id=\"76b55a6\" data-element_type=\"column\">\n\t\t\t<div class=\"elementor-widget-wrap elementor-element-populated\">\n\t\t\t\t\t\t\t\t<div class=\"elementor-element elementor-element-0627443 elementor-widget elementor-widget-text-editor\" data-id=\"0627443\" data-element_type=\"widget\" data-widget_type=\"text-editor.default\">\n\t\t\t\t<div class=\"elementor-widget-container\">\n\t\t\t\t\t\t\t<p>Ol\u00e1! Sou <strong>Gabriela<\/strong>, mas podem me chamar de <strong>Gabi<\/strong>. Sou a <strong>ilustradora do Herpetinho<\/strong>. Gosto de dizer que nasci com um l\u00e1pis na m\u00e3o, pois desde que peguei um, aos tr\u00eas anos, nunca mais larguei. Hoje, al\u00e9m de ilustradora, tamb\u00e9m sou <strong>bi\u00f3loga<\/strong> e encontrei no estudo da natureza, a fonte de inspira\u00e7\u00e3o para os meus desenhos.<br \/>(@gabsluh)<\/p>\t\t\t\t\t\t<\/div>\n\t\t\t\t<\/div>\n\t\t\t\t\t<\/div>\n\t\t<\/div>\n\t\t\t\t<div class=\"elementor-column elementor-col-25 elementor-top-column elementor-element elementor-element-c48d776\" data-id=\"c48d776\" data-element_type=\"column\">\n\t\t\t<div class=\"elementor-widget-wrap elementor-element-populated\">\n\t\t\t\t\t\t\t\t<div class=\"elementor-element elementor-element-9df5f2b elementor-widget elementor-widget-image\" data-id=\"9df5f2b\" data-element_type=\"widget\" data-widget_type=\"image.default\">\n\t\t\t\t<div class=\"elementor-widget-container\">\n\t\t\t\t\t\t\t\t\t\t\t\t\t\t\t<img loading=\"lazy\" decoding=\"async\" width=\"1024\" height=\"683\" src=\"https:\/\/herpeto.org\/kids\/wp-content\/uploads\/sites\/6\/2020\/05\/ilustradora-ambiental-1024x683.jpg\" class=\"attachment-large size-large wp-image-1084\" alt=\"\" srcset=\"https:\/\/herpeto.org\/kids\/wp-content\/uploads\/sites\/6\/2020\/05\/ilustradora-ambiental-1024x683.jpg 1024w, https:\/\/herpeto.org\/kids\/wp-content\/uploads\/sites\/6\/2020\/05\/ilustradora-ambiental-300x200.jpg 300w, https:\/\/herpeto.org\/kids\/wp-content\/uploads\/sites\/6\/2020\/05\/ilustradora-ambiental-768x512.jpg 768w, https:\/\/herpeto.org\/kids\/wp-content\/uploads\/sites\/6\/2020\/05\/ilustradora-ambiental-1536x1024.jpg 1536w, https:\/\/herpeto.org\/kids\/wp-content\/uploads\/sites\/6\/2020\/05\/ilustradora-ambiental-2048x1365.jpg 2048w, https:\/\/herpeto.org\/kids\/wp-content\/uploads\/sites\/6\/2020\/05\/ilustradora-ambiental-1568x1045.jpg 1568w\" sizes=\"(max-width: 1024px) 100vw, 1024px\" \/>\t\t\t\t\t\t\t\t\t\t\t\t\t\t\t<\/div>\n\t\t\t\t<\/div>\n\t\t\t\t\t<\/div>\n\t\t<\/div>\n\t\t\t\t<div class=\"elementor-column elementor-col-25 elementor-top-column elementor-element elementor-element-9f68b58\" data-id=\"9f68b58\" data-element_type=\"column\">\n\t\t\t<div class=\"elementor-widget-wrap\">\n\t\t\t\t\t\t\t\t\t<\/div>\n\t\t<\/div>\n\t\t\t\t\t\t\t<\/div>\n\t\t<\/section>\n\t\t\t\t<section class=\"elementor-section elementor-top-section elementor-element elementor-element-76d15e6 elementor-section-boxed elementor-section-height-default elementor-section-height-default\" data-id=\"76d15e6\" data-element_type=\"section\" data-settings=\"{&quot;background_background&quot;:&quot;classic&quot;}\">\n\t\t\t\t\t\t<div class=\"elementor-container elementor-column-gap-default\">\n\t\t\t\t\t<div class=\"elementor-column elementor-col-25 elementor-top-column elementor-element elementor-element-a5c659f\" data-id=\"a5c659f\" data-element_type=\"column\">\n\t\t\t<div class=\"elementor-widget-wrap\">\n\t\t\t\t\t\t\t\t\t<\/div>\n\t\t<\/div>\n\t\t\t\t<div class=\"elementor-column elementor-col-25 elementor-top-column elementor-element elementor-element-382a09d\" data-id=\"382a09d\" data-element_type=\"column\">\n\t\t\t<div class=\"elementor-widget-wrap elementor-element-populated\">\n\t\t\t\t\t\t\t\t<div class=\"elementor-element elementor-element-c4faacb elementor-widget elementor-widget-image\" data-id=\"c4faacb\" data-element_type=\"widget\" data-widget_type=\"image.default\">\n\t\t\t\t<div class=\"elementor-widget-container\">\n\t\t\t\t\t\t\t\t\t\t\t\t\t\t\t<img loading=\"lazy\" decoding=\"async\" width=\"846\" height=\"564\" src=\"https:\/\/herpeto.org\/kids\/wp-content\/uploads\/sites\/6\/2020\/05\/ca\u00e7a-palavra.png\" class=\"attachment-large size-large wp-image-882\" alt=\"\" srcset=\"https:\/\/herpeto.org\/kids\/wp-content\/uploads\/sites\/6\/2020\/05\/ca\u00e7a-palavra.png 846w, https:\/\/herpeto.org\/kids\/wp-content\/uploads\/sites\/6\/2020\/05\/ca\u00e7a-palavra-300x200.png 300w, https:\/\/herpeto.org\/kids\/wp-content\/uploads\/sites\/6\/2020\/05\/ca\u00e7a-palavra-768x512.png 768w\" sizes=\"(max-width: 846px) 100vw, 846px\" \/>\t\t\t\t\t\t\t\t\t\t\t\t\t\t\t<\/div>\n\t\t\t\t<\/div>\n\t\t\t\t\t<\/div>\n\t\t<\/div>\n\t\t\t\t<div class=\"elementor-column elementor-col-25 elementor-top-column elementor-element elementor-element-cbdd546\" data-id=\"cbdd546\" data-element_type=\"column\">\n\t\t\t<div class=\"elementor-widget-wrap elementor-element-populated\">\n\t\t\t\t\t\t\t\t<div class=\"elementor-element elementor-element-ca68f78 elementor-widget elementor-widget-text-editor\" data-id=\"ca68f78\" data-element_type=\"widget\" data-widget_type=\"text-editor.default\">\n\t\t\t\t<div class=\"elementor-widget-container\">\n\t\t\t\t\t\t\t<p><strong>Pedro Peloso,<\/strong> o aventureiro.<br \/>Bi\u00f3logo, pai da Lia e do Davi, sempre com uma incr\u00edvel aventura para nos contar e mostrar com suas lindas fotografias.<br \/>(@pedro_peloso)<\/p>\t\t\t\t\t\t<\/div>\n\t\t\t\t<\/div>\n\t\t\t\t\t<\/div>\n\t\t<\/div>\n\t\t\t\t<div class=\"elementor-column elementor-col-25 elementor-top-column elementor-element elementor-element-b4f2396\" data-id=\"b4f2396\" data-element_type=\"column\">\n\t\t\t<div class=\"elementor-widget-wrap\">\n\t\t\t\t\t\t\t\t\t<\/div>\n\t\t<\/div>\n\t\t\t\t\t\t\t<\/div>\n\t\t<\/section>\n\t\t\t\t<section class=\"elementor-section elementor-top-section elementor-element elementor-element-d4d2ec0 elementor-section-boxed elementor-section-height-default elementor-section-height-default\" data-id=\"d4d2ec0\" data-element_type=\"section\">\n\t\t\t\t\t\t<div class=\"elementor-container elementor-column-gap-default\">\n\t\t\t\t\t<div class=\"elementor-column elementor-col-25 elementor-top-column elementor-element elementor-element-7278662\" data-id=\"7278662\" data-element_type=\"column\">\n\t\t\t<div class=\"elementor-widget-wrap\">\n\t\t\t\t\t\t\t\t\t<\/div>\n\t\t<\/div>\n\t\t\t\t<div class=\"elementor-column elementor-col-25 elementor-top-column elementor-element elementor-element-ea46d09\" data-id=\"ea46d09\" data-element_type=\"column\">\n\t\t\t<div class=\"elementor-widget-wrap elementor-element-populated\">\n\t\t\t\t\t\t\t\t<div class=\"elementor-element elementor-element-452ea38 elementor-widget elementor-widget-text-editor\" data-id=\"452ea38\" data-element_type=\"widget\" data-widget_type=\"text-editor.default\">\n\t\t\t\t<div class=\"elementor-widget-container\">\n\t\t\t\t\t\t\t<p><strong>Rodrigo Tinoco\u00a0<\/strong><span style=\"font-size: 1em\">ou s\u00f3 <\/span><span style=\"font-size: 1em;font-weight: bolder\">Tinoco\u00a0<\/span><span style=\"font-size: 1em\">mesmo.<br \/>Bi\u00f3logo, consultor ambiental, criador do herpeto e apaixonado por tecnologia.<br \/>(@rodrigo__tinoco)<\/span><\/p>\t\t\t\t\t\t<\/div>\n\t\t\t\t<\/div>\n\t\t\t\t\t<\/div>\n\t\t<\/div>\n\t\t\t\t<div class=\"elementor-column elementor-col-25 elementor-top-column elementor-element elementor-element-b46522d\" data-id=\"b46522d\" data-element_type=\"column\">\n\t\t\t<div class=\"elementor-widget-wrap elementor-element-populated\">\n\t\t\t\t\t\t\t\t<div class=\"elementor-element elementor-element-a6ae517 elementor-widget elementor-widget-image\" data-id=\"a6ae517\" data-element_type=\"widget\" data-widget_type=\"image.default\">\n\t\t\t\t<div class=\"elementor-widget-container\">\n\t\t\t\t\t\t\t\t\t\t\t\t\t\t\t<img loading=\"lazy\" decoding=\"async\" width=\"676\" height=\"564\" src=\"https:\/\/herpeto.org\/kids\/wp-content\/uploads\/sites\/6\/2020\/05\/Tabuleiro.png\" class=\"attachment-large size-large wp-image-888\" alt=\"\" srcset=\"https:\/\/herpeto.org\/kids\/wp-content\/uploads\/sites\/6\/2020\/05\/Tabuleiro.png 676w, https:\/\/herpeto.org\/kids\/wp-content\/uploads\/sites\/6\/2020\/05\/Tabuleiro-300x250.png 300w\" sizes=\"(max-width: 676px) 100vw, 676px\" \/>\t\t\t\t\t\t\t\t\t\t\t\t\t\t\t<\/div>\n\t\t\t\t<\/div>\n\t\t\t\t\t<\/div>\n\t\t<\/div>\n\t\t\t\t<div class=\"elementor-column elementor-col-25 elementor-top-column elementor-element elementor-element-657b4b2\" data-id=\"657b4b2\" data-element_type=\"column\">\n\t\t\t<div class=\"elementor-widget-wrap\">\n\t\t\t\t\t\t\t\t\t<\/div>\n\t\t<\/div>\n\t\t\t\t\t\t\t<\/div>\n\t\t<\/section>\n\t\t\t\t<section class=\"elementor-section elementor-top-section elementor-element elementor-element-7586277 elementor-section-boxed elementor-section-height-default elementor-section-height-default\" data-id=\"7586277\" data-element_type=\"section\" data-settings=\"{&quot;background_background&quot;:&quot;classic&quot;}\">\n\t\t\t\t\t\t<div class=\"elementor-container elementor-column-gap-default\">\n\t\t\t\t\t<div class=\"elementor-column elementor-col-25 elementor-top-column elementor-element elementor-element-80943e6\" data-id=\"80943e6\" data-element_type=\"column\">\n\t\t\t<div class=\"elementor-widget-wrap\">\n\t\t\t\t\t\t\t\t\t<\/div>\n\t\t<\/div>\n\t\t\t\t<div class=\"elementor-column elementor-col-25 elementor-top-column elementor-element elementor-element-31b59f8\" data-id=\"31b59f8\" data-element_type=\"column\">\n\t\t\t<div class=\"elementor-widget-wrap elementor-element-populated\">\n\t\t\t\t\t\t\t\t<div class=\"elementor-element elementor-element-13c7a34 elementor-widget elementor-widget-image\" data-id=\"13c7a34\" data-element_type=\"widget\" data-widget_type=\"image.default\">\n\t\t\t\t<div class=\"elementor-widget-container\">\n\t\t\t\t\t\t\t\t\t\t\t\t\t\t\t<img loading=\"lazy\" decoding=\"async\" width=\"676\" height=\"564\" src=\"https:\/\/herpeto.org\/kids\/wp-content\/uploads\/sites\/6\/2020\/05\/Cruzadinas-meio-ambiente.png\" class=\"attachment-large size-large wp-image-895\" alt=\"\" srcset=\"https:\/\/herpeto.org\/kids\/wp-content\/uploads\/sites\/6\/2020\/05\/Cruzadinas-meio-ambiente.png 676w, https:\/\/herpeto.org\/kids\/wp-content\/uploads\/sites\/6\/2020\/05\/Cruzadinas-meio-ambiente-300x250.png 300w\" sizes=\"(max-width: 676px) 100vw, 676px\" \/>\t\t\t\t\t\t\t\t\t\t\t\t\t\t\t<\/div>\n\t\t\t\t<\/div>\n\t\t\t\t\t<\/div>\n\t\t<\/div>\n\t\t\t\t<div class=\"elementor-column elementor-col-25 elementor-top-column elementor-element elementor-element-c6a143c\" data-id=\"c6a143c\" data-element_type=\"column\">\n\t\t\t<div class=\"elementor-widget-wrap elementor-element-populated\">\n\t\t\t\t\t\t\t\t<div class=\"elementor-element elementor-element-3ed795d elementor-widget elementor-widget-text-editor\" data-id=\"3ed795d\" data-element_type=\"widget\" data-widget_type=\"text-editor.default\">\n\t\t\t\t<div class=\"elementor-widget-container\">\n\t\t\t\t\t\t\t<p><strong>Victor Favaro.\u00a0<\/strong>Bi\u00f3logo, herpet\u00f3logo e fot\u00f3grafo da vida selvagem. (@victorfavaro)<\/p>\t\t\t\t\t\t<\/div>\n\t\t\t\t<\/div>\n\t\t\t\t\t<\/div>\n\t\t<\/div>\n\t\t\t\t<div class=\"elementor-column elementor-col-25 elementor-top-column elementor-element elementor-element-040323f\" data-id=\"040323f\" data-element_type=\"column\">\n\t\t\t<div class=\"elementor-widget-wrap\">\n\t\t\t\t\t\t\t\t\t<\/div>\n\t\t<\/div>\n\t\t\t\t\t\t\t<\/div>\n\t\t<\/section>\n\t\t\t\t\t\t\t<\/div>\n\t\t","protected":false},"excerpt":{"rendered":"<p>Oi, eu sou a&nbsp;B\u00e1rbara! A natureza sempre foi t\u00e3o fascinante para mim, que escolhi a biologia como profiss\u00e3o. Trabalho com anf\u00edbios e r\u00e9pteis, e&nbsp;esses seres s\u00e3o t\u00e3o incr\u00edveis que eu e toda a equipe&nbsp;do&nbsp;Herpetinho&nbsp;constru\u00edmos esse site com muito amor, para que voc\u00eas possam conhecer de pertinho e se apaixonar, assim como n\u00f3s, pelo incr\u00edvel mundo [&hellip;]<\/p>\n","protected":false},"author":1,"featured_media":0,"parent":0,"menu_order":0,"comment_status":"closed","ping_status":"closed","template":"elementor_canvas","meta":{"_acf_changed":false,"footnotes":""},"acf":[],"_links":{"self":[{"href":"https:\/\/herpeto.org\/kids\/wp-json\/wp\/v2\/pages\/114"}],"collection":[{"href":"https:\/\/herpeto.org\/kids\/wp-json\/wp\/v2\/pages"}],"about":[{"href":"https:\/\/herpeto.org\/kids\/wp-json\/wp\/v2\/types\/page"}],"author":[{"embeddable":true,"href":"https:\/\/herpeto.org\/kids\/wp-json\/wp\/v2\/users\/1"}],"replies":[{"embeddable":true,"href":"https:\/\/herpeto.org\/kids\/wp-json\/wp\/v2\/comments?post=114"}],"version-history":[{"count":15,"href":"https:\/\/herpeto.org\/kids\/wp-json\/wp\/v2\/pages\/114\/revisions"}],"predecessor-version":[{"id":1277,"href":"https:\/\/herpeto.org\/kids\/wp-json\/wp\/v2\/pages\/114\/revisions\/1277"}],"wp:attachment":[{"href":"https:\/\/herpeto.org\/kids\/wp-json\/wp\/v2\/media?parent=114"}],"curies":[{"name":"wp","href":"https:\/\/api.w.org\/{rel}","templated":true}]}}